{"id":423,"date":"2022-11-07T12:32:47","date_gmt":"2022-11-07T12:32:47","guid":{"rendered":"http:\/\/annesophienyssen.be\/?page_id=423"},"modified":"2022-11-07T13:10:47","modified_gmt":"2022-11-07T13:10:47","slug":"equipe","status":"publish","type":"page","link":"http:\/\/annesophienyssen.be\/index.php\/equipe\/","title":{"rendered":"\u00c9quipe"},"content":{"rendered":"\n<figure class=\"wp-block-image size-large\"><img loading=\"lazy\" width=\"1024\" height=\"681\" src=\"http:\/\/annesophienyssen.be\/wp-content\/uploads\/2022\/11\/Equipe-rectorale-ASN-2_ULiege\u00a9Quena-SCS-1024x681.jpg\" alt=\"\" class=\"wp-image-427\" srcset=\"http:\/\/annesophienyssen.be\/wp-content\/uploads\/2022\/11\/Equipe-rectorale-ASN-2_ULiege\u00a9Quena-SCS-1024x681.jpg 1024w, http:\/\/annesophienyssen.be\/wp-content\/uploads\/2022\/11\/Equipe-rectorale-ASN-2_ULiege\u00a9Quena-SCS-300x200.jpg 300w, http:\/\/annesophienyssen.be\/wp-content\/uploads\/2022\/11\/Equipe-rectorale-ASN-2_ULiege\u00a9Quena-SCS-768x511.jpg 768w, http:\/\/annesophienyssen.be\/wp-content\/uploads\/2022\/11\/Equipe-rectorale-ASN-2_ULiege\u00a9Quena-SCS-1536x1022.jpg 1536w, http:\/\/annesophienyssen.be\/wp-content\/uploads\/2022\/11\/Equipe-rectorale-ASN-2_ULiege\u00a9Quena-SCS-2048x1363.jpg 2048w, http:\/\/annesophienyssen.be\/wp-content\/uploads\/2022\/11\/Equipe-rectorale-ASN-2_ULiege\u00a9Quena-SCS-1200x798.jpg 1200w\" sizes=\"(max-width: 709px) 85vw, (max-width: 909px) 67vw, (max-width: 1362px) 62vw, 840px\" \/><\/figure>\n\n\n\n<p><\/p>\n\n\n\n<p>Ils et elles sont onze \u00e0 m&rsquo;\u00e9pauler au quotidien dans ma mission rectorale. Compos\u00e9e en majorit\u00e9 de nouveaux venus, cette \u00e9quipe jouit de la fraicheur et du recul d&rsquo;un regard jusqu&rsquo;alors ext\u00e9rieur. \u00c0 leurs c\u00f4t\u00e9s, trois membres d&rsquo;anciennes \u00e9quipes rectorales permettront de poursuivre des chantiers en cours qui me tiennent \u00e0 c\u0153ur.<\/p>\n\n\n\n<h2>D\u00e9couvrez-les&#8230; <\/h2>\n\n\n\n<ul><li><strong><a rel=\"noreferrer noopener\" href=\"https:\/\/www.uliege.be\/cms\/c_9054334\/fr\/repertoire?uid=U014309\" data-type=\"URL\" data-id=\"https:\/\/www.uliege.be\/cms\/c_9054334\/fr\/repertoire?uid=U014309\" target=\"_blank\">Rudi Cloots <\/a><\/strong>: conseiller aux infrastructures <\/li><li><strong><a rel=\"noreferrer noopener\" href=\"https:\/\/www.uliege.be\/cms\/c_9054334\/fr\/repertoire?uid=u300754\" data-type=\"URL\" data-id=\"https:\/\/www.uliege.be\/cms\/c_9054334\/fr\/repertoire?uid=u300754\" target=\"_blank\">\u00c9ric Haubruge<\/a><\/strong> : conseiller \u00e0 l&rsquo;innovation et au d\u00e9veloppement r\u00e9gional<\/li><li><strong><a rel=\"noreferrer noopener\" href=\"https:\/\/www.uliege.be\/cms\/c_9054334\/fr\/repertoire?uid=U196915\" data-type=\"URL\" data-id=\"https:\/\/www.uliege.be\/cms\/c_9054334\/fr\/repertoire?uid=U196915\" target=\"_blank\">Corinne Charlier<\/a><\/strong> : conseill\u00e8re aux affaires hospitalo-universitaires<\/li><li><a rel=\"noreferrer noopener\" href=\"https:\/\/www.uliege.be\/cms\/c_9054334\/fr\/repertoire?uid=U027108\" data-type=\"URL\" data-id=\"https:\/\/www.uliege.be\/cms\/c_9054334\/fr\/repertoire?uid=U027108\" target=\"_blank\"><strong>Pascal Poncin<\/strong> <\/a>: premier vice-recteur<\/li><li><strong><a rel=\"noreferrer noopener\" href=\"https:\/\/www.uliege.be\/cms\/c_9054334\/fr\/repertoire?uid=u176059\" data-type=\"URL\" data-id=\"https:\/\/www.uliege.be\/cms\/c_9054334\/fr\/repertoire?uid=u176059\" target=\"_blank\">Fr\u00e9d\u00e9ric Schoenaers <\/a><\/strong>: vice-recteur \u00e0 l&rsquo;enseignement et aux affaires \u00e9tudiantes<\/li><li><strong><a href=\"https:\/\/www.uliege.be\/cms\/c_9054334\/fr\/repertoire?uid=U183012\" data-type=\"URL\" data-id=\"https:\/\/www.uliege.be\/cms\/c_9054334\/fr\/repertoire?uid=U183012\" target=\"_blank\" rel=\"noreferrer noopener\">F\u00e9lix Scholtes<\/a><\/strong> : conseiller \u00e0 la sobri\u00e9t\u00e9 num\u00e9rique<\/li><li><strong><a href=\"https:\/\/www.uliege.be\/cms\/c_9054334\/fr\/repertoire?uid=u013552\" data-type=\"URL\" data-id=\"https:\/\/www.uliege.be\/cms\/c_9054334\/fr\/repertoire?uid=u013552\" target=\"_blank\" rel=\"noreferrer noopener\">Michel Moutschen<\/a><\/strong> : vice-recteur \u00e0 la recherche<\/li><li><strong><a href=\"https:\/\/www.uliege.be\/cms\/c_9054334\/fr\/repertoire?uid=u030193\" data-type=\"URL\" data-id=\"https:\/\/www.uliege.be\/cms\/c_9054334\/fr\/repertoire?uid=u030193\" target=\"_blank\" rel=\"noreferrer noopener\">Sybille Mertens<\/a><\/strong> : conseill\u00e8re \u00e0 la transition sociale et environnementale<\/li><li><strong><a href=\"https:\/\/www.uliege.be\/cms\/c_9054334\/fr\/repertoire?uid=u016053\" data-type=\"URL\" data-id=\"https:\/\/www.uliege.be\/cms\/c_9054334\/fr\/repertoire?uid=u016053\" target=\"_blank\" rel=\"noreferrer noopener\">Florence Caeymaex <\/a><\/strong>: conseill\u00e8re \u00e0 l&rsquo;\u00e9thique et aux politiques d&rsquo;\u00e9galit\u00e9<\/li><li><a href=\"https:\/\/www.uliege.be\/cms\/c_9054334\/fr\/repertoire?uid=U026758\" data-type=\"URL\" data-id=\"https:\/\/www.uliege.be\/cms\/c_9054334\/fr\/repertoire?uid=U026758\" target=\"_blank\" rel=\"noreferrer noopener\"><strong>Pierre Duysinx<\/strong> <\/a>: vice-recteur aux relations internationales et \u00e0 la mobilit\u00e9<\/li><li><a href=\"https:\/\/www.uliege.be\/cms\/c_9054334\/fr\/repertoire?uid=u013885\" data-type=\"URL\" data-id=\"https:\/\/www.uliege.be\/cms\/c_9054334\/fr\/repertoire?uid=u013885\" target=\"_blank\" rel=\"noreferrer noopener\"><strong>Philippe Hubert<\/strong> <\/a>: conseiller \u00e0 la gestion institutionnelle de la qualit\u00e9<\/li><\/ul>\n\n\n\n<p><\/p>\n","protected":false},"excerpt":{"rendered":"<p>Ils et elles sont onze \u00e0 m&rsquo;\u00e9pauler au quotidien dans ma mission rectorale. Compos\u00e9e en majorit\u00e9 de nouveaux venus, cette \u00e9quipe jouit de la fraicheur et du recul d&rsquo;un regard jusqu&rsquo;alors ext\u00e9rieur. \u00c0 leurs c\u00f4t\u00e9s, trois membres d&rsquo;anciennes \u00e9quipes rectorales permettront de poursuivre des chantiers en cours qui me tiennent \u00e0 c\u0153ur. D\u00e9couvrez-les&#8230; Rudi Cloots<\/p>\n<a class=\"poursuivre\" href=\"http:\/\/annesophienyssen.be\/index.php\/equipe\/\">Poursuivre la lecture<\/a>","protected":false},"author":6,"featured_media":0,"parent":0,"menu_order":0,"comment_status":"closed","ping_status":"closed","template":"","meta":[],"_links":{"self":[{"href":"http:\/\/annesophienyssen.be\/index.php\/wp-json\/wp\/v2\/pages\/423"}],"collection":[{"href":"http:\/\/annesophienyssen.be\/index.php\/wp-json\/wp\/v2\/pages"}],"about":[{"href":"http:\/\/annesophienyssen.be\/index.php\/wp-json\/wp\/v2\/types\/page"}],"author":[{"embeddable":true,"href":"http:\/\/annesophienyssen.be\/index.php\/wp-json\/wp\/v2\/users\/6"}],"replies":[{"embeddable":true,"href":"http:\/\/annesophienyssen.be\/index.php\/wp-json\/wp\/v2\/comments?post=423"}],"version-history":[{"count":3,"href":"http:\/\/annesophienyssen.be\/index.php\/wp-json\/wp\/v2\/pages\/423\/revisions"}],"predecessor-version":[{"id":429,"href":"http:\/\/annesophienyssen.be\/index.php\/wp-json\/wp\/v2\/pages\/423\/revisions\/429"}],"wp:attachment":[{"href":"http:\/\/annesophienyssen.be\/index.php\/wp-json\/wp\/v2\/media?parent=423"}],"curies":[{"name":"wp","href":"https:\/\/api.w.org\/{rel}","templated":true}]}}