{"id":32,"date":"2020-01-08T16:42:22","date_gmt":"2020-01-08T16:42:22","guid":{"rendered":"http:\/\/annesophienyssen.be\/?page_id=32"},"modified":"2022-10-28T07:25:53","modified_gmt":"2022-10-28T07:25:53","slug":"contact","status":"publish","type":"page","link":"http:\/\/annesophienyssen.be\/index.php\/contact\/","title":{"rendered":"Contact"},"content":{"rendered":"\n<p><strong>Anne-Sophie Nyssen<\/strong><br>Rectrice <\/p>\n\n\n\n<p>Universit\u00e9 de Li\u00e8ge <br>Place du 20-Ao\u00fbt, 7<br>4000 Li\u00e8ge<\/p>\n\n\n\n<p>T\u00e9l: +32 4 366 97 00<br>Courriel: rectrice@uliege.be<\/p>\n\n\n\n<p><\/p>\n","protected":false},"excerpt":{"rendered":"<p>Anne-Sophie NyssenRectrice Universit\u00e9 de Li\u00e8ge Place du 20-Ao\u00fbt, 74000 Li\u00e8ge T\u00e9l: +32 4 366 97 00Courriel: rectrice@uliege.be<\/p>\n<a class=\"poursuivre\" href=\"http:\/\/annesophienyssen.be\/index.php\/contact\/\">Poursuivre la lecture<\/a>","protected":false},"author":1,"featured_media":0,"parent":0,"menu_order":0,"comment_status":"closed","ping_status":"closed","template":"","meta":[],"_links":{"self":[{"href":"http:\/\/annesophienyssen.be\/index.php\/wp-json\/wp\/v2\/pages\/32"}],"collection":[{"href":"http:\/\/annesophienyssen.be\/index.php\/wp-json\/wp\/v2\/pages"}],"about":[{"href":"http:\/\/annesophienyssen.be\/index.php\/wp-json\/wp\/v2\/types\/page"}],"author":[{"embeddable":true,"href":"http:\/\/annesophienyssen.be\/index.php\/wp-json\/wp\/v2\/users\/1"}],"replies":[{"embeddable":true,"href":"http:\/\/annesophienyssen.be\/index.php\/wp-json\/wp\/v2\/comments?post=32"}],"version-history":[{"count":2,"href":"http:\/\/annesophienyssen.be\/index.php\/wp-json\/wp\/v2\/pages\/32\/revisions"}],"predecessor-version":[{"id":396,"href":"http:\/\/annesophienyssen.be\/index.php\/wp-json\/wp\/v2\/pages\/32\/revisions\/396"}],"wp:attachment":[{"href":"http:\/\/annesophienyssen.be\/index.php\/wp-json\/wp\/v2\/media?parent=32"}],"curies":[{"name":"wp","href":"https:\/\/api.w.org\/{rel}","templated":true}]}}